{"id":100147,"date":"2025-04-07T18:53:09","date_gmt":"2025-04-07T18:53:09","guid":{"rendered":"https:\/\/therapievergelijk.nl\/?page_id=100147"},"modified":"2025-04-08T20:53:40","modified_gmt":"2025-04-08T20:53:40","slug":"behavioural-change","status":"publish","type":"page","link":"https:\/\/therapievergelijk.nl\/en\/gedragsverandering\/","title":{"rendered":"Behaviour change"},"content":{"rendered":"<p>[et_pb_section fb_built=&#8221;1&#8243; admin_label=&#8221;section&#8221; _builder_version=&#8221;4.16&#8243; global_colors_info=&#8221;{}&#8221;][et_pb_row admin_label=&#8221;row&#8221; _builder_version=&#8221;4.16&#8243; background_size=&#8221;initial&#8221; background_position=&#8221;top_left&#8221; background_repeat=&#8221;repeat&#8221; global_colors_info=&#8221;{}&#8221;][et_pb_column type=&#8221;4_4&#8243; _builder_version=&#8221;4.16&#8243; custom_padding=&#8221;|||&#8221; global_colors_info=&#8221;{}&#8221; custom_padding__hover=&#8221;|||&#8221;][et_pb_text _builder_version=&#8221;4.27.4&#8243; _module_preset=&#8221;default&#8221; hover_enabled=&#8221;0&#8243; global_colors_info=&#8221;{}&#8221; sticky_enabled=&#8221;0&#8243;]<\/p>\n<h1>Gedragsverandering: Hoe werkt het en hoe pas je het toe?<\/h1>\n<p><span style=\"font-weight: 400;\">Gedrag veranderen is lastig. Of het nu gaat om persoonlijke gewoonten of veranderingen op de werkvloer, het vraagt meer dan alleen motivatie. Wetenschappelijk onderzoek laat zien dat strategie, herhaling en de juiste ondersteuning essentieel zijn om gedrag blijvend te veranderen.<\/span><\/p>\n<h2><span style=\"font-weight: 400;\">Waarom is gedragsverandering moeilijk?<\/span><\/h2>\n<p><span style=\"font-weight: 400;\">Veel gedragingen zijn diepgewortelde gewoonten die we zonder nadenken uitvoeren. Sociale normen, zelfvertrouwen en de omgeving spelen een grote rol in ons gedrag. Vaak is alleen de intentie om te veranderen niet genoeg. Onderzoek toont aan dat een sterke intentie slechts een kleine tot middelgrote gedragsverandering oplevert.<\/span><\/p>\n<p><img loading=\"lazy\" decoding=\"async\" class=\"wp-image-100159 alignnone size-medium\" src=\"http:\/\/therapievergelijk.nl\/wp-content\/uploads\/2025\/04\/Gedragsverandering-300x300.jpg\" alt=\"Gedragsverandering\" width=\"300\" height=\"300\" \/><\/p>\n<h2><span style=\"font-weight: 400;\">Wetenschappelijke inzichten<\/span><\/h2>\n<p><span style=\"font-weight: 400;\">Om gedrag effectief te veranderen, zijn er verschillende theorie\u00ebn en modellen ontwikkeld:<\/span><\/p>\n<ul>\n<li style=\"font-weight: 400;\" aria-level=\"1\"><span style=\"font-weight: 400;\">Theorie van Gepland Gedrag: Gedrag wordt be\u00efnvloed door intentie, houding, sociale normen en de ervaren controle over de situatie. Hoe haalbaarder en wenselijker iemand een verandering vindt, hoe groter de kans op succes.<\/span><\/li>\n<li style=\"font-weight: 400;\" aria-level=\"1\"><span style=\"font-weight: 400;\">Sociale Cognitieve Theorie: Mensen leren door observatie. Als ze zien dat gewenst gedrag wordt beloond en ze er vertrouwen in hebben dat ze het zelf kunnen uitvoeren, is de kans groter dat ze veranderen.<\/span><\/li>\n<li style=\"font-weight: 400;\" aria-level=\"1\"><span style=\"font-weight: 400;\">Transtheoretisch Model (Stages of Change): Gedragsverandering verloopt in zes fasen: precontemplatie, contemplatie, voorbereiding, actie, onderhoud en be\u00ebindiging. Door ondersteuning af te stemmen op de fase waarin iemand zich bevindt, kan de kans op succes vergroot worden.<\/span><\/li>\n<\/ul>\n<h2><span style=\"font-weight: 400;\">Praktische technieken voor gedragsverandering<\/span><\/h2>\n<p><span style=\"font-weight: 400;\">Om gedragsverandering haalbaar en blijvend te maken, kunnen de volgende strategie\u00ebn helpen:<\/span><\/p>\n<h3><span style=\"font-weight: 400;\">Doelen stellen helpt om verandering concreet te maken.\u00a0<\/span><\/h3>\n<p><span style=\"font-weight: 400;\">Het is belangrijk dat doelen specifiek en haalbaar zijn, bijvoorbeeld met de SMART-methode. Een andere effectieve techniek is implementatie-intenties, waarbij een specifiek gedrag aan een situatie wordt gekoppeld, zoals: <\/span><b>\u201cAls ik thuiskom, trek ik meteen mijn sportkleding aan.\u201d <\/b><span style=\"font-weight: 400;\">Dit is een voorbeeld van een manier om een goede gewoonte in je systeem te krijgen. Alleen ook hier geldt, vergeet niet consequent je spullen neer te leggen. Anders is de verleiding te groot om om de bank te ploffen.\u00a0<\/span><\/p>\n<h3><span style=\"font-weight: 400;\">Motivational interviewing interviewing\u00a0<\/span><\/h3>\n<p><span style=\"font-weight: 400;\">kan helpen bij het verkennen van motivatie en het overwinnen van twijfels. Daarnaast is positieve bekrachtiging een krachtige manier om gewenst gedrag te versterken. Door successen te belonen en te erkennen, blijft de motivatie hoog. Bijvoorbeeld, een werknemer die moeite heeft met presenteren, kan door middel van kleine successen en positieve feedback van collega&#8217;s meer zelfvertrouwen ontwikkelen. Wanneer deze werknemer na een succesvolle presentatie erkenning krijgt van het team, zal hij of zij eerder gemotiveerd zijn om het opnieuw te proberen en verder te groeien.<\/span><\/p>\n<h3><span style=\"font-weight: 400;\">Socialen ondersteuning<\/span><\/h3>\n<p><span style=\"font-weight: 400;\">Sociale ondersteuning kan een grote rol spelen. Mensen passen zich sneller aan als ze gesteund worden door hun omgeving of als anderen meedoen. Ook omgevingsaanpassingen kunnen helpen, zoals het verwijderen van verleidingen of het visueel maken van positieve keuzes.<\/span><\/p>\n<h2><span style=\"font-weight: 400;\">Gedragsverandering op de werkvloer<\/span><\/h2>\n<p><span style=\"font-weight: 400;\">Op de werkvloer is gedragsverandering essentieel voor groei en effici\u00ebntie. Werkgevers kunnen dit bevorderen door duidelijke doelen te communiceren en inspirerend leiderschap te tonen. Werknemers moeten weten wat er van hen verwacht wordt en waarom. Inspirerende verhalen en rolmodellen kunnen helpen bij motivatie en verandering. Het is bijna nooit effectief om negatief gedrag van werknemers te benoemen en vervolgens verbetering te eisen. Dit werkt zelfs vaak averechts.\u00a0<\/span><\/p>\n<h3><span style=\"font-weight: 400;\">Positieve bekrachtiging in werkomgevingen<\/span><\/h3>\n<p><span style=\"font-weight: 400;\">Daarnaast werkt positieve bekrachtiging ook in werkomgevingen. Door successen te erkennen en te belonen, voelen werknemers zich gewaardeerd en zijn ze eerder geneigd het gewenste gedrag vast te houden. Gedragsverandering kan ook gestimuleerd worden door teams als geheel te betrekken. Mensen zijn sneller bereid om hun gedrag aan te passen als ze zien dat collega\u2019s hetzelfde doen.<\/span><\/p>\n<h2><span style=\"font-weight: 400;\">Gedragsverandering komt geleidelijk<\/span><\/h2>\n<p><span style=\"font-weight: 400;\">Tot slot is het belangrijk om verandering stap voor stap aan te pakken. Proberen meerdere gedragingen tegelijk te veranderen kan overweldigend zijn. Focus daarom op \u00e9\u00e9n gedragsverandering tegelijk en zorg dat deze goed is ge\u00efntegreerd voordat je een volgende aanpakt.<\/span><\/p>\n<p>[\/et_pb_text][\/et_pb_column][\/et_pb_row][\/et_pb_section]<\/p>\n","protected":false},"excerpt":{"rendered":"<p>Gedragsverandering: Hoe werkt het en hoe pas je het toe? Gedrag veranderen is lastig. Of het nu gaat om persoonlijke gewoonten of veranderingen op de werkvloer, het vraagt meer dan alleen motivatie. Wetenschappelijk onderzoek laat zien dat strategie, herhaling en de juiste ondersteuning essentieel zijn om gedrag blijvend te veranderen. Waarom is gedragsverandering moeilijk? Veel [&hellip;]<\/p>\n","protected":false},"author":1,"featured_media":0,"parent":0,"menu_order":0,"comment_status":"closed","ping_status":"closed","template":"","meta":{"_acf_changed":false,"_seopress_robots_primary_cat":"","_seopress_titles_title":"","_seopress_titles_desc":"","_seopress_robots_index":"","_et_pb_use_builder":"on","_et_pb_old_content":"","_et_gb_content_width":"","footnotes":""},"class_list":["post-100147","page","type-page","status-publish","hentry"],"acf":[],"_hostinger_reach_plugin_has_subscription_block":false,"_hostinger_reach_plugin_is_elementor":false,"_links":{"self":[{"href":"https:\/\/therapievergelijk.nl\/en\/wp-json\/wp\/v2\/pages\/100147","targetHints":{"allow":["GET"]}}],"collection":[{"href":"https:\/\/therapievergelijk.nl\/en\/wp-json\/wp\/v2\/pages"}],"about":[{"href":"https:\/\/therapievergelijk.nl\/en\/wp-json\/wp\/v2\/types\/page"}],"author":[{"embeddable":true,"href":"https:\/\/therapievergelijk.nl\/en\/wp-json\/wp\/v2\/users\/1"}],"replies":[{"embeddable":true,"href":"https:\/\/therapievergelijk.nl\/en\/wp-json\/wp\/v2\/comments?post=100147"}],"version-history":[{"count":11,"href":"https:\/\/therapievergelijk.nl\/en\/wp-json\/wp\/v2\/pages\/100147\/revisions"}],"predecessor-version":[{"id":100169,"href":"https:\/\/therapievergelijk.nl\/en\/wp-json\/wp\/v2\/pages\/100147\/revisions\/100169"}],"wp:attachment":[{"href":"https:\/\/therapievergelijk.nl\/en\/wp-json\/wp\/v2\/media?parent=100147"}],"curies":[{"name":"wp","href":"https:\/\/api.w.org\/{rel}","templated":true}]}}